{"id":5,"date":"2017-11-24T17:57:57","date_gmt":"2017-11-24T17:57:57","guid":{"rendered":"http:\/\/harveyswake.de\/?page_id=5"},"modified":"2026-02-24T15:35:13","modified_gmt":"2026-02-24T15:35:13","slug":"home","status":"publish","type":"page","link":"https:\/\/harveyswake.de\/","title":{"rendered":"Home"},"content":{"rendered":"\t\t<div data-elementor-type=\"wp-page\" data-elementor-id=\"5\" class=\"elementor elementor-5\">\n\t\t\t\t\t\t<section class=\"elementor-section elementor-top-section elementor-element elementor-element-65c5cf16 elementor-section-boxed elementor-section-height-default elementor-section-height-default\" data-id=\"65c5cf16\" data-element_type=\"section\" data-e-type=\"section\">\n\t\t\t\t\t\t<div class=\"elementor-container elementor-column-gap-default\">\n\t\t\t\t\t<div class=\"elementor-column elementor-col-100 elementor-top-column elementor-element elementor-element-35ff49ba\" data-id=\"35ff49ba\" data-element_type=\"column\" data-e-type=\"column\">\n\t\t\t<div class=\"elementor-widget-wrap elementor-element-populated\">\n\t\t\t\t\t\t<div class=\"elementor-element elementor-element-2fcc9f94 elementor-widget__width-initial elementor-widget elementor-widget-text-editor\" data-id=\"2fcc9f94\" data-element_type=\"widget\" data-e-type=\"widget\" data-widget_type=\"text-editor.default\">\n\t\t\t\t<div class=\"elementor-widget-container\">\n\t\t\t\t\t\t\t\t\t<p>\u00a0<\/p>\n<hr \/>\n<p><!-- \/wp:separator --><!-- wp:image {\"id\":15,\"width\":\"794px\",\"height\":\"auto\"} --><\/p>\n<figure><img decoding=\"async\" style=\"width: 794px; height: auto;\" src=\"http:\/\/harveyswake.de\/wp-content\/uploads\/2017\/12\/Harveys-Wake-Titelbild-ohne-Kontaktdaten-300x203.jpg\" alt=\"\" \/><\/figure>\n<p><!-- \/wp:image --><!-- wp:paragraph {\"align\":\"center\"} --><\/p>\n<p>\u00a0<\/p>\n<p><!-- \/wp:paragraph --><!-- wp:separator --><\/p>\n<hr \/>\n<p><!-- \/wp:separator --><!-- wp:paragraph {\"align\":\"center\",\"fontSize\":\"large\"} --><\/p>\n<h4><strong>Willkommen bei Harvey&#8217;s Wake<\/strong><\/h4>\n<h4><!-- \/wp:paragraph --><!-- wp:paragraph {\"align\":\"center\",\"fontSize\":\"large\"} --><\/h4>\n<h4><strong>&#8211; More than Irish Folk &#8211;<\/strong><\/h4>\n<p>\u00a0<\/p>\n<h4>Ein Abend mit Harvey\u2019s Wake ist wie ein musikalischer Kurztrip von Irland \u00fcber die rauen Landschaften Schottlands bis an die K\u00fcsten Norddeutschlands.<br \/>Mitrei\u00dfende Irish und Scottish Folk Songs treffen auf deutsche und plattdeutsche Lieder \u2013 <br \/>mal wild und ausgelassen wie ein Abend im Pub, mal gef\u00fchlvoll wie ein Lied am Lagerfeuer.<\/h4>\n<h4>Hinter Harvey\u2019s Wake stehen Roland, der \u201eHafens\u00e4nger\u201c, der mit Gitarre und Gesang f\u00fcr die warme, treibende Basis sorgt, sowie Lars, \u201eLaddi\u201c, der mit Mandoline, Irish Bouzouki und Low Whistle den unverwechselbaren Folk-Sound mitpr\u00e4gt.<br \/>Zuhause sind wir beiden Musiker in Heikendorf an der Kieler F\u00f6rde,<br \/>von wo aus wir das echte Pub-Feeling in die Welt tragen.<\/h4>\n<h4>Harvey\u2019s Wake bringt Herz, Humor und echte Live-Atmosph\u00e4re auf jede B\u00fchne. <br \/>Wer Lust auf Musik zum Mitsingen, Tanzen und Mitf\u00fchlen hat, ist hier genau richtig!<\/h4>\n<p>\u00a0<\/p>\n<p><!-- \/wp:paragraph --><!-- wp:paragraph {\"align\":\"center\"} --><\/p>\n<h4><span style=\"text-decoration: underline;\">Hier k\u00f6nnt ihr uns demn\u00e4chst live sehen und h\u00f6ren:<\/span><\/h4>\n<p><!-- \/wp:paragraph --><!-- wp:heading {\"textAlign\":\"center\",\"level\":1,\"className\":\"wp-block-heading\"} --><\/p>\n<h1>Samstag, 02.Mai 2026<\/h1>\n<h2>Weltfischbr\u00f6tchentag<br \/>Auf dem Feuerschiff\u00a0\u00a0L\u00e6s\u00f8 Rende<\/h2>\n<p>Eintritt frei\u00a0<\/p>\n<hr \/>\n<h1>Freitag, 31. Juli 2026 &#8211; 19:00<\/h1>\n<p><!-- \/wp:heading --><!-- wp:heading {\"textAlign\":\"center\",\"className\":\"wp-block-heading\"} --><\/p>\n<h2>K\u00fcstenCaf\u00e9 in Sch\u00f6nberg\/Holm<\/h2>\n<p><!-- \/wp:heading --><!-- wp:paragraph {\"align\":\"center\"} --><\/p>\n<p>Holmer Marktplatz, Osterwisch 2, 24217 Sch\u00f6nberg<\/p>\n<p><!-- \/wp:paragraph --><!-- wp:paragraph {\"align\":\"center\"} --><\/p>\n<p>Eintritt frei &#8211; Hut geht rum<\/p>\n<hr \/>\n<p><!-- \/wp:paragraph --><!-- wp:separator {\"align\":\"center\",\"className\":\"is-style-wide\"} --><\/p>\n<h1>Samstag, 17.Oktober 2026<\/h1>\n<h3>Freiwillige Feuerwehr Neuheikendorf,<\/h3>\n<p>Silberturmer Weg 1, 24226 Heikendorf<\/p>\n<hr \/>\n<h2>Irish-Folk-Night<\/h2>\n<h5>u.a. mit Paddy Schmidt von &#8222;Paddy goes to Holyhead&#8220;<\/h5>\n<h5>N\u00e4here Info`s folgen<\/h5>\n<p>\u00a0<\/p>\n<p>\u00a0<\/p>\n<hr \/>\n<p><!-- \/wp:separator --><!-- wp:heading {\"textAlign\":\"center\",\"level\":1,\"className\":\"wp-block-heading\"} --><\/p>\n<h1>Freitag, 11. Dezember 2026 &#8211; 19:00<\/h1>\n<p><!-- \/wp:heading --><!-- wp:heading {\"textAlign\":\"center\",\"className\":\"wp-block-heading\"} --><\/p>\n<h2>K\u00fcstenCaf\u00e9 in Sch\u00f6nberg\/Holm<\/h2>\n<p><!-- \/wp:heading --><!-- wp:paragraph {\"align\":\"center\"} --><\/p>\n<p>Holmer Marktplatz, Osterwisch 2, 24217 Sch\u00f6nberg<\/p>\n<p><!-- \/wp:paragraph --><!-- wp:paragraph {\"align\":\"center\"} --><\/p>\n<p>Eintritt frei &#8211; Hut geht rum<\/p>\n<p><!-- \/wp:paragraph --><!-- wp:separator --><\/p>\n<hr \/>\n<p><!-- \/wp:separator --><!-- wp:separator --><\/p>\n<hr \/>\n<p><!-- \/wp:separator --><!-- wp:paragraph {\"align\":\"center\",\"fontSize\":\"medium\"} --><\/p>\n<p>\u00a0<\/p>\n<p><!-- \/wp:paragraph --><!-- wp:separator --><\/p>\n<hr \/>\n<p><!-- \/wp:separator --><!-- wp:heading {\"textAlign\":\"center\",\"level\":1,\"className\":\"wp-block-heading\"} --><\/p>\n<h1>\u00a0<\/h1>\n<p><!-- \/wp:heading --><!-- wp:separator --><\/p>\n<hr \/>\n<p><!-- \/wp:separator --><!-- wp:paragraph {\"align\":\"center\"} --><\/p>\n<p><iframe src=\"https:\/\/www.youtube.com\/embed\/_xkfIf39m5g\" width=\"560\" height=\"315\" frameborder=\"0\" allowfullscreen=\"allowfullscreen\"><\/iframe><\/p>\n<p><!-- \/wp:paragraph --><!-- wp:separator --><\/p>\n<hr \/>\n<p><!-- \/wp:separator --><!-- wp:paragraph {\"align\":\"center\"} --><\/p>\n<p>Anfragen gerne an&#8230;<\/p>\n<p><!-- \/wp:paragraph --><!-- wp:paragraph {\"align\":\"center\"} --><\/p>\n<p>Roland Knoth<\/p>\n<p><!-- \/wp:paragraph --><!-- wp:paragraph {\"align\":\"center\"} --><\/p>\n<p>Telefon 0431 242789<\/p>\n<p><!-- \/wp:paragraph --><!-- wp:paragraph {\"align\":\"center\"} --><\/p>\n<p>Mobil 0176 47794629<\/p>\n<p><!-- \/wp:paragraph --><!-- wp:paragraph {\"align\":\"center\"} --><\/p>\n<p>E-Mail <a href=\"mailto:roland.knoth1963@gmail.com\">roland.knoth1963@gmail.com<\/a><\/p>\n<p><!-- \/wp:paragraph --><\/p>\t\t\t\t\t\t\t\t<\/div>\n\t\t\t\t<\/div>\n\t\t\t\t\t<\/div>\n\t\t<\/div>\n\t\t\t\t\t<\/div>\n\t\t<\/section>\n\t\t\t\t<section class=\"elementor-section elementor-top-section elementor-element elementor-element-621f667 elementor-section-boxed elementor-section-height-default elementor-section-height-default\" data-id=\"621f667\" data-element_type=\"section\" data-e-type=\"section\">\n\t\t\t\t\t\t<div class=\"elementor-container elementor-column-gap-default\">\n\t\t\t\t\t<div class=\"elementor-column elementor-col-100 elementor-top-column elementor-element elementor-element-9f46493\" data-id=\"9f46493\" data-element_type=\"column\" data-e-type=\"column\">\n\t\t\t<div class=\"elementor-widget-wrap elementor-element-populated\">\n\t\t\t\t\t\t<div class=\"elementor-element elementor-element-be8db4f elementor-widget elementor-widget-text-editor\" data-id=\"be8db4f\" data-element_type=\"widget\" data-e-type=\"widget\" data-widget_type=\"text-editor.default\">\n\t\t\t\t<div class=\"elementor-widget-container\">\n\t\t\t\t\t\t\t\t\t<p>Lorem ipsum dolor sit amet, consectetur adipiscing elit. Ut elit tellus, luctus nec ullamcorper mattis, pulvinar dapibus leo.<\/p>\t\t\t\t\t\t\t\t<\/div>\n\t\t\t\t<\/div>\n\t\t\t\t\t<\/div>\n\t\t<\/div>\n\t\t\t\t\t<\/div>\n\t\t<\/section>\n\t\t\t\t<section class=\"elementor-section elementor-top-section elementor-element elementor-element-d2aa2e0 elementor-section-boxed elementor-section-height-default elementor-section-height-default\" data-id=\"d2aa2e0\" data-element_type=\"section\" data-e-type=\"section\">\n\t\t\t\t\t\t<div class=\"elementor-container elementor-column-gap-default\">\n\t\t\t\t\t<div class=\"elementor-column elementor-col-100 elementor-top-column elementor-element elementor-element-ac2160a\" data-id=\"ac2160a\" data-element_type=\"column\" data-e-type=\"column\">\n\t\t\t<div class=\"elementor-widget-wrap elementor-element-populated\">\n\t\t\t\t\t\t<div class=\"elementor-element elementor-element-66b28d9 elementor-widget elementor-widget-text-editor\" data-id=\"66b28d9\" data-element_type=\"widget\" data-e-type=\"widget\" data-widget_type=\"text-editor.default\">\n\t\t\t\t<div class=\"elementor-widget-container\">\n\t\t\t\t\t\t\t\t\t<p>Lorem ipsum dolor sit amet, consectetur adipiscing elit. Ut elit tellus, luctus nec ullamcorper mattis, pulvinar dapibus leo.<\/p>\t\t\t\t\t\t\t\t<\/div>\n\t\t\t\t<\/div>\n\t\t\t\t\t<\/div>\n\t\t<\/div>\n\t\t\t\t\t<\/div>\n\t\t<\/section>\n\t\t\t\t<\/div>\n\t\t","protected":false},"excerpt":{"rendered":"<p>\u00a0 \u00a0 Willkommen bei Harvey&#8217;s Wake &#8211; More than Irish Folk &#8211; \u00a0 Ein Abend mit Harvey\u2019s Wake ist wie ein musikalischer Kurztrip von Irland \u00fcber die rauen Landschaften Schottlands bis an die K\u00fcsten Norddeutschlands.Mitrei\u00dfende Irish und Scottish Folk Songs treffen auf deutsche und plattdeutsche Lieder \u2013 mal wild und ausgelassen wie ein Abend im [&hellip;]<\/p>\n","protected":false},"author":1,"featured_media":0,"parent":0,"menu_order":0,"comment_status":"closed","ping_status":"closed","template":"","meta":{"footnotes":""},"class_list":["post-5","page","type-page","status-publish","hentry"],"_links":{"self":[{"href":"https:\/\/harveyswake.de\/index.php?rest_route=\/wp\/v2\/pages\/5","targetHints":{"allow":["GET"]}}],"collection":[{"href":"https:\/\/harveyswake.de\/index.php?rest_route=\/wp\/v2\/pages"}],"about":[{"href":"https:\/\/harveyswake.de\/index.php?rest_route=\/wp\/v2\/types\/page"}],"author":[{"embeddable":true,"href":"https:\/\/harveyswake.de\/index.php?rest_route=\/wp\/v2\/users\/1"}],"replies":[{"embeddable":true,"href":"https:\/\/harveyswake.de\/index.php?rest_route=%2Fwp%2Fv2%2Fcomments&post=5"}],"version-history":[{"count":49,"href":"https:\/\/harveyswake.de\/index.php?rest_route=\/wp\/v2\/pages\/5\/revisions"}],"predecessor-version":[{"id":174,"href":"https:\/\/harveyswake.de\/index.php?rest_route=\/wp\/v2\/pages\/5\/revisions\/174"}],"wp:attachment":[{"href":"https:\/\/harveyswake.de\/index.php?rest_route=%2Fwp%2Fv2%2Fmedia&parent=5"}],"curies":[{"name":"wp","href":"https:\/\/api.w.org\/{rel}","templated":true}]}}